{"id":34,"date":"2026-02-01T23:03:57","date_gmt":"2026-02-02T04:03:57","guid":{"rendered":"https:\/\/wt028168124.mywtdivi4.com\/?page_id=34"},"modified":"2026-02-24T21:39:54","modified_gmt":"2026-02-25T02:39:54","slug":"life-events","status":"publish","type":"page","link":"https:\/\/stfrancismd.org\/es\/meet\/life-events\/","title":{"rendered":"Life Events"},"content":{"rendered":"<p>[et_pb_section fb_built=\u00bb1\u2033 use_custom_gutter=\u00bbon\u00bb specialty=\u00bbon\u00bb _builder_version=\u00bb4.27.5\u2033 _module_preset=\u00bbdefault\u00bb border_width_top=\u00bb4px\u00bb border_color_top=\u00bb#369948\u2033 global_colors_info=\u00bb{}\u00bb][et_pb_column type=\"2_3\" specialty_columns=\"2\" _builder_version=\"4.16\" custom_padding=\"|||\" global_colors_info=\"{}\" custom_padding__hover=\"|||\"][et_pb_row_inner _builder_version=\u00bb4.27.5\u2033 _module_preset=\u00bbdefault\u00bb global_colors_info=\u00bb{}\u00bb][et_pb_column_inner saved_specialty_column_type=\"2_3\" _builder_version=\"4.27.5\" _module_preset=\"default\" global_colors_info=\"{}\"][et_pb_post_title meta=\u00bboff\u00bb featured_image=\u00bboff\u00bb _builder_version=\u00bb4.27.5\u2033 _module_preset=\u00bbdefault\u00bb title_font_size=\u00bb40px\u00bb border_width_bottom=\u00bb1px\u00bb border_color_bottom=\u00bb#e7e7e7\u2033 global_colors_info=\u00bb{}\u00bb][\/et_pb_post_title][et_pb_text _builder_version=\"4.27.5\" _module_preset=\"default\" hover_enabled=\"0\" global_colors_info=\"{}\" admin_label=\"La acci\u00f3n de Dios...\" sticky_enabled=\"0\"]<\/p>\n<p>La acci\u00f3n de Dios en nuestras vidas se manifiesta en las cosas materiales y en las relaciones que mantenemos entre nosotros, que celebramos en comunidad. Vemos la acci\u00f3n de Dios en el Bautismo, el Matrimonio, la Primera Comuni\u00f3n y m\u00e1s. A veces, la acci\u00f3n de Dios se manifiesta en un acontecimiento \u00fanico en la vida, como la Confirmaci\u00f3n. Otras veces, la acci\u00f3n de Dios se manifiesta en un sacramento semanal, como la Sagrada Eucarist\u00eda durante Misa. Sigue leyendo para saber m\u00e1s sobre los acontecimientos de la vida y los sacramentos que celebramos en San Francisco.<\/p>\n<p>[\/et_pb_text][ctdqb_query_builder order=&#8221;ASC&#8221; order_by=&#8221;menu_order&#8221; post_type=&#8221;page&#8221; use_tax_query=&#8221;on&#8221; tax_query=&#8221;OR*|*category|IN|20&#8243; i_link=&#8221;link&#8221; s_overlay=&#8221;off&#8221; t_link=&#8221;link&#8221; s_excerpt=&#8221;excerpt&#8221; layout=&#8221;ctdqb-layout-list&#8221; _builder_version=&#8221;4.27.5&#8243; _module_preset=&#8221;default&#8221; titles_text_color=&#8221;#1F73C0&#8243; titles_font_size=&#8221;18px&#8221; excerpt_font_size=&#8221;16px&#8221; custom_margin=&#8221;20px||||false|false&#8221; custom_css_free_form=&#8221;selector .ctdqb-items {||  list-style-type: none;||  padding:0px;||}||selector .ctdqb-item {||  display: grid;||  grid-template-columns: 1fr 3fr;||  column-gap: 30px;||  background:none !important;||  padding:0;||}||selector .ctdqb-post-feature-image {||  grid-row: 1 \/ span 5;||}||@media all and (max-width: 767px) {||  selector .ctdqb-item {||    grid-template-columns:100%;||  }||}||selector .ctdqb-post-feature-image img, selector .ctdqb-term-image img {||  max-width:222px;||  width:100%;||\tborder-radius:250px;||  border: 4px solid white;||  box-shadow:rgba(26, 58, 87, 0.2) 5px 5px 10px 2px;||\taspect-ratio:1\/1;||\tobject-fit:cover;||}||selector .ctdqb-post-link {||  color:white;||  padding: 10px 15px;||  background-color: #3d280d;||  border-width: 1px;||  border-color: #3d280d;||  border-radius: 8px;||  transition: all 300ms ease 0ms;||  line-height: 1.2em;||  margin-top:10px;||  font-weight:400;||  display:inline-block;||  width: max-content;||}||selector .ctdqb-post-link:hover {||  background-color: #369948;||\tborder: 1px solid #3d280d;||}&#8221; global_colors_info=&#8221;{}&#8221; page_data=&#8221;{%22is_archive%22:%22off%22,%22is_tax%22:%22off%22,%22is_singular%22:%22on%22,%22is_author%22:%22off%22,%22is_date%22:%22off%22,%22is_post_type_archive%22:%22off%22,%22is_search%22:%22off%22,%22is_404%22:%22off%22,%22queried_object_id%22:34,%22current_page%22:1,%22post_type%22:%22page%22,%22s%22:%22%22,%22year%22:%220%22,%22monthnum%22:%220%22,%22day%22:%220%22,%22seed%22:4985}&#8221;][\/ctdqb_query_builder][dssb_sharing_buttons icon_placement=&#8221;icon&#8221; columns=&#8221;2&#8243; icon_width=&#8221;fixed&#8221; use_sharing_title=&#8221;on&#8221; sharing_title=&#8221;Share this page: %91show_title_link%93&#8243; sharing_title_inline=&#8221;on&#8221; use_global_sharing=&#8221;on&#8221; _builder_version=&#8221;4.27.5&#8243; _module_preset=&#8221;default&#8221; custom_padding=&#8221;20px||||false|false&#8221; custom_css_before=&#8221;%91wt26_wt028168124_title%93&#8243; custom_css_main_element=&#8221;border-top: 1px solid #dddddd;&#8221; custom_css_free_form=&#8221;selector .et_pb_module_inner {||  justify-content: space-between !important;||}&#8221; border_radii_icon=&#8221;on|50px|50px|50px|50px&#8221; global_module=&#8221;622&#8243; global_colors_info=&#8221;{}&#8221;][dssb_sharing_button use_custom_icon_size=&#8221;on&#8221; icon_bg=&#8221;#1F73C0&#8243; _builder_version=&#8221;4.27.5&#8243; _module_preset=&#8221;default&#8221; background_color=&#8221;RGBA(255,255,255,0)&#8221; background_enable_color=&#8221;on&#8221; global_colors_info=&#8221;{}&#8221;][\/dssb_sharing_button][dssb_sharing_button social_network=&#8221;email&#8221; icon_color=&#8221;#369948&#8243; use_custom_icon_size=&#8221;on&#8221; icon_bg=&#8221;RGBA(255,255,255,0)&#8221; _builder_version=&#8221;4.27.5&#8243; _module_preset=&#8221;default&#8221; background_color=&#8221;RGBA(255,255,255,0)&#8221; background_enable_color=&#8221;on&#8221; global_colors_info=&#8221;{}&#8221;][\/dssb_sharing_button][\/dssb_sharing_buttons][\/et_pb_column_inner][\/et_pb_row_inner][\/et_pb_column][et_pb_column type=&#8221;1_3&#8243; _builder_version=&#8221;4.16&#8243; custom_padding=&#8221;|||&#8221; global_colors_info=&#8221;{}&#8221; custom_padding__hover=&#8221;|||&#8221;][et_pb_team_member name=&#8221;The Rev. Dr. Amy Slaughter&#8221; position=&#8221;she\/her&#8221; image_url=&#8221;https:\/\/stfrancismd.org\/wp-content\/uploads\/sites\/31\/2026\/02\/1-to-1-AS_4.jpeg&#8221; admin_label=&#8221;The Rev. Dr. Amy Slaughter&#8221; module_id=&#8221;amy-slaughter&#8221; _builder_version=&#8221;4.27.5&#8243; _module_preset=&#8221;default&#8221; header_level=&#8221;h2&#8243; header_font_size=&#8221;18px&#8221; body_font_size=&#8221;15px&#8221; position_text_color=&#8221;#100E1A&#8221; position_font_size=&#8221;12px&#8221; body_link_font_size=&#8221;0.9em&#8221; custom_margin=&#8221;||||false|false&#8221; text_orientation_tablet=&#8221;center&#8221; text_orientation_phone=&#8221;&#8221; text_orientation_last_edited=&#8221;on|tablet&#8221; custom_css_main_element=&#8221;display: grid;||grid-template-columns: 1fr 2fr;||column-gap:3%;&#8221; custom_css_free_form=&#8221;selector h2 {||  padding-bottom:0px;||}||selector .et_pb_team_member_image img {||  aspect-ratio:1\/1;||  object-fit:cover;||}||selector p:has(a) {||  padding-bottom:5px;||}&#8221; custom_css_member_image=&#8221;margin-right:0px;&#8221; global_module=&#8221;624&#8243; global_colors_info=&#8221;{}&#8221; custom_css_main_element_last_edited=&#8221;on|tablet&#8221; custom_css_main_element_tablet=&#8221;display: grid;||grid-template-columns: 1fr;||column-gap:3%;&#8221; custom_css_member_image_last_edited=&#8221;on|tablet&#8221; custom_css_member_image_tablet=&#8221;margin-left:auto;||margin-right:auto;&#8221; custom_css_main_element_phone=&#8221;grid-template-columns:100%;&#8221; custom_css_member_image_phone=&#8221;margin-right:auto;||margin-left:auto;&#8221;]<\/p>\n<p>Rector<\/p>\n<p><a href=\"mailto:revamy@stfrancismd.org\" target=\"_blank\" rel=\"noopener\"><img loading=\"lazy\" decoding=\"async\" src=\"https:\/\/stfrancismd.org\/wp-content\/uploads\/sites\/31\/2026\/02\/email-icon.png\" width=\"30\" height=\"457\" alt=\"La imagen muestra el icono de un sobre verde que simboliza el correo electr\u00f3nico o la mensajer\u00eda, sobre un fondo transparente. No se ven personas ni lugares emblem\u00e1ticos.\" class=\"wp-image-382 alignnone size-full\" \/><\/a><\/p>\n<p><a href=\"#\" id=\"amy-slaughter\">Ver perfil<\/a><\/p>\n<p>[\/et_pb_team_member][dipl_modal modal_id=&#8221;amyslaughter&#8221; trigger_element_type=&#8221;element_id&#8221; trigger_element_id=&#8221;amy-slaughter&#8221; close_on_esc=&#8221;on&#8221; modal_title=&#8221;The Rev. Dr. Amy Slaughter&#8221; show_footer=&#8221;off&#8221; modal_custom_margin=&#8221;||||false|false&#8221; modal_custom_padding=&#8221;|40px|||false|false&#8221; modal_body_custom_margin=&#8221;||||false|false&#8221; modal_overlay_bg_color=&#8221;rgba(16,14,26,0.5)&#8221; admin_label=&#8221;Amy profile&#8221; module_class=&#8221;profile&#8221; _builder_version=&#8221;4.27.5&#8243; _module_preset=&#8221;default&#8221; modal_trigger_text_text_color=&#8221;#1F73C0&#8243; modal_trigger_text_font_size=&#8221;12px&#8221; custom_margin=&#8221;||20px||false|false&#8221; custom_css_main_element=&#8221;display: grid;||grid-template-columns: 1fr 3fr;||column-gap: 15px;&#8221; custom_css_free_form=&#8221;selector .et_pb_module_inner {||  grid-column: 2;||}&#8221; global_module=&#8221;625&#8243; global_colors_info=&#8221;{}&#8221; custom_css_main_element_last_edited=&#8221;off|desktop&#8221; custom_css_main_element_tablet=&#8221;grid-template-columns: 1fr;&#8221; custom_css_main_element_phone=&#8221;grid-template-columns: 100%;&#8221;]<\/p>\n<p><img loading=\"lazy\" decoding=\"async\" src=\"https:\/\/stfrancismd.org\/wp-content\/uploads\/sites\/31\/2026\/02\/1-to-1-AS_4.jpeg\" width=\"990\" height=\"990\" alt=\"Una persona con gafas y cuello clerical sonr\u00ede al aire libre, rodeada de vegetaci\u00f3n y follaje difuminados al fondo.\" class=\"wp-image-438 alignnone size-full\" srcset=\"https:\/\/stfrancismd.org\/wp-content\/uploads\/sites\/31\/2026\/02\/1-to-1-AS_4.jpeg 990w, https:\/\/stfrancismd.org\/wp-content\/uploads\/sites\/31\/2026\/02\/1-to-1-AS_4-980x980.jpeg 980w, https:\/\/stfrancismd.org\/wp-content\/uploads\/sites\/31\/2026\/02\/1-to-1-AS_4-480x480.jpeg 480w\" sizes=\"(min-width: 0px) and (max-width: 480px) 480px, (min-width: 481px) and (max-width: 980px) 980px, (min-width: 981px) 990px, 100vw\" \/><\/p>\n<p>ella<\/p>\n<p>Rector<\/p>\n<p><a href=\"mailto:revamy@stfrancismd.org\" target=\"_blank\" rel=\"noopener\"><img loading=\"lazy\" decoding=\"async\" src=\"https:\/\/stfrancismd.org\/wp-content\/uploads\/sites\/31\/2026\/02\/email-icon.png\" width=\"30\" height=\"457\" alt=\"La imagen muestra el icono de un sobre verde que simboliza el correo electr\u00f3nico o la mensajer\u00eda, sobre un fondo transparente. No se ven personas ni lugares emblem\u00e1ticos.\" class=\"wp-image-382 alignnone size-full\" \/><\/a><\/p>\n<p><strong>Acerca de m\u00ed:<\/strong><\/p>\n<p>Predicador, defensor de la justicia, sacerdote episcopal, activista comunitario, te\u00f3logo y padre de tres hijos j\u00f3venes con talento art\u00edstico. Nacido y criado en Carolina del Norte. Amante de la lectura. Creo que Dios est\u00e1 tramando algo hermoso en este mundo, y me siento agradecido de que podamos formar parte de ello.<\/p>\n<p><strong>Mi funci\u00f3n:<\/strong><\/p>\n<p>\u00abRector\u00bb es un t\u00e9rmino antiguo que designa al pastor y al responsable administrativo de una iglesia. Como rector, puedo dedicarme a lo que me apasiona: apoyar y cuidar de una comunidad de fe dentro de la tradici\u00f3n episcopal. Los rectores somos generalistas; desempe\u00f1o muchas funciones, a veces todas en un mismo d\u00eda. Predicar y presidir Misa dominical, conectar con las personas de forma individual y en peque\u00f1os grupos en la \u00abMesa de Bienvenida\u00bb de los mi\u00e9rcoles, estar al tanto de quienes atraviesan una crisis o necesitan atenci\u00f3n inmediata, reunirme con quienes est\u00e1n de luto por una p\u00e9rdida o celebrando un pr\u00f3ximo bautismo, escribir sermones, asistir a las reuniones del condado para hacer de nuestro barrio un lugar mejor y mucho m\u00e1s. Sobre todo, escucho con atenci\u00f3n: lo que Dios est\u00e1 haciendo aqu\u00ed y en el mundo, lo que la gente necesita y c\u00f3mo San Francisco puede seguir siendo una comunidad donde todos tienen un lugar y todos importan.<\/p>\n<p><strong>Mi sue\u00f1o para San Francisco:<\/strong><\/p>\n<p>Escucha al Esp\u00edritu, practica una acogida amplia y generosa, est\u00e1 ah\u00ed para los dem\u00e1s y para nuestros vecinos, y no teme plantear grandes preguntas ni mantener conversaciones dif\u00edciles.<\/p>\n<p><strong>Algunas de mis cosas favoritas:<\/strong><\/p>\n<p><em>Aficiones:<\/em> pasar tiempo junto al agua para recargar energ\u00edas y reflexionar; escribir un diario<\/p>\n<p><em>Libro\/pel\u00edcula\/serie de televisi\u00f3n:<\/em> obras de no ficci\u00f3n narrativa que se leen como si fueran ficci\u00f3n; entre mis favoritos se encuentra Patrick Radden Keefe<\/p>\n<p><strong>Dato curioso:<\/strong><\/p>\n<p>Vengo de una familia dedicada al teatro y empec\u00e9 a trabajar como actor cuando era ni\u00f1o.<\/p>\n<p>[\/dipl_modal][et_pb_menu menu_id=&#8221;21&#8243; menu_style=&#8221;centered&#8221; _builder_version=&#8221;4.27.5&#8243; _module_preset=&#8221;default&#8221; menu_font=&#8221;|600|||||||&#8221; background_layout=&#8221;dark&#8221; custom_css_free_form=&#8221;selector .et-menu {||  margin-left:0px;||  margin-right:0px;||}||selector li {||  width:100%;||  padding-left:0px !important;||  padding-right:0px !important;||}||selector .current_page_item a {||  background-color:#40BF58 !important;||  border: 1px solid #40BF58 !important;||}||selector.et_pb_menu .et_pb_menu__menu,.lwp-hide-mobile-menu.et_pb_fullwidth_menu .et_pb_menu__menu {||  display: flex!important;||}||selector .et_mobile_nav_menu { ||  display: none; ||}||@media (max-width: 980px) {||  selector.et_pb_fullwidth_menu .et_pb_menu__menu {||    display: flex!important;||  }||}&#8221; custom_css_menu_link=&#8221;background-color:#369948;||width: 100%;||padding-top: 12px !important;||padding-right: 20px !important;||padding-bottom: 12px !important;||padding-left: 20px !important;||font-size: 16px !important;||border: 1px solid #369948;||border-radius: 8px !important;||transition: all 300ms ease 0ms;||line-height: 1.2em !important;||text-align:center;&#8221; global_module=&#8221;935&#8243; global_colors_info=&#8221;{}&#8221;][\/et_pb_menu][et_pb_button button_url=&#8221;https:\/\/stfrancis.tpsdb.com\/Give\/stfrancis?type=onetime&#8221; url_new_window=&#8221;on&#8221; button_text=&#8221;Give Today&#8221; button_alignment=&#8221;center&#8221; admin_label=&#8221;Give Today&#8221; _builder_version=&#8221;4.27.5&#8243; _module_preset=&#8221;default&#8221; custom_margin=&#8221;20px||20px||true|false&#8221; custom_css_main_element=&#8221;width:100%;||line-height:1.2em !important;&#8221; global_module=&#8221;638&#8243; locked=&#8221;off&#8221; global_colors_info=&#8221;{}&#8221;][\/et_pb_button][\/et_pb_column][\/et_pb_section]<\/p>\n","protected":false},"excerpt":{"rendered":"<p>La acci\u00f3n de Dios en nuestras vidas se manifiesta en las cosas materiales y en las relaciones que mantenemos entre nosotros, que celebramos en comunidad. Vemos la acci\u00f3n de Dios\u2026<\/p>\n","protected":false},"author":40,"featured_media":531,"parent":18,"menu_order":60,"comment_status":"closed","ping_status":"closed","template":"","meta":{"_et_pb_use_builder":"on","_et_pb_old_content":"","_et_gb_content_width":"","footnotes":""},"categories":[4],"tags":[],"class_list":["post-34","page","type-page","status-publish","has-post-thumbnail","hentry","category-meet"],"_links":{"self":[{"href":"https:\/\/stfrancismd.org\/wp-json\/wp\/v2\/pages\/34","targetHints":{"allow":["GET"]}}],"collection":[{"href":"https:\/\/stfrancismd.org\/wp-json\/wp\/v2\/pages"}],"about":[{"href":"https:\/\/stfrancismd.org\/wp-json\/wp\/v2\/types\/page"}],"author":[{"embeddable":true,"href":"https:\/\/stfrancismd.org\/wp-json\/wp\/v2\/users\/40"}],"replies":[{"embeddable":true,"href":"https:\/\/stfrancismd.org\/wp-json\/wp\/v2\/comments?post=34"}],"version-history":[{"count":5,"href":"https:\/\/stfrancismd.org\/wp-json\/wp\/v2\/pages\/34\/revisions"}],"predecessor-version":[{"id":2201,"href":"https:\/\/stfrancismd.org\/wp-json\/wp\/v2\/pages\/34\/revisions\/2201"}],"up":[{"embeddable":true,"href":"https:\/\/stfrancismd.org\/wp-json\/wp\/v2\/pages\/18"}],"wp:featuredmedia":[{"embeddable":true,"href":"https:\/\/stfrancismd.org\/wp-json\/wp\/v2\/media\/531"}],"wp:attachment":[{"href":"https:\/\/stfrancismd.org\/wp-json\/wp\/v2\/media?parent=34"}],"wp:term":[{"taxonomy":"category","embeddable":true,"href":"https:\/\/stfrancismd.org\/wp-json\/wp\/v2\/categories?post=34"},{"taxonomy":"post_tag","embeddable":true,"href":"https:\/\/stfrancismd.org\/wp-json\/wp\/v2\/tags?post=34"}],"curies":[{"name":"wp","href":"https:\/\/api.w.org\/{rel}","templated":true}]}}