{"id":60,"date":"2026-02-01T23:16:55","date_gmt":"2026-02-02T04:16:55","guid":{"rendered":"https:\/\/wt028168124.mywtdivi4.com\/?page_id=60"},"modified":"2026-02-24T21:51:44","modified_gmt":"2026-02-25T02:51:44","slug":"pantry-on-the-go-volunteer-info","status":"publish","type":"page","link":"https:\/\/stfrancismd.org\/es\/nourish\/pantry-on-the-go-volunteer-info\/","title":{"rendered":"Pantry on the Go Volunteer Info"},"content":{"rendered":"<p>[et_pb_section fb_built=&#8221;1&#8243; use_custom_gutter=&#8221;on&#8221; specialty=&#8221;on&#8221; _builder_version=&#8221;4.27.5&#8243; _module_preset=&#8221;default&#8221; border_width_top=&#8221;4px&#8221; border_color_top=&#8221;#369948&#8243; global_colors_info=&#8221;{}&#8221;][et_pb_column type=&#8221;2_3&#8243; specialty_columns=&#8221;2&#8243; _builder_version=&#8221;4.16&#8243; custom_padding=&#8221;|||&#8221; global_colors_info=&#8221;{}&#8221; custom_padding__hover=&#8221;|||&#8221;][et_pb_row_inner _builder_version=&#8221;4.27.5&#8243; _module_preset=&#8221;default&#8221; custom_padding=&#8221;||20px||false|false&#8221; global_colors_info=&#8221;{}&#8221;][et_pb_column_inner saved_specialty_column_type=&#8221;2_3&#8243; _builder_version=&#8221;4.27.5&#8243; _module_preset=&#8221;default&#8221; global_colors_info=&#8221;{}&#8221;][et_pb_post_title meta=&#8221;off&#8221; featured_image=&#8221;off&#8221; _builder_version=&#8221;4.27.5&#8243; _module_preset=&#8221;default&#8221; title_font_size=&#8221;40px&#8221; border_width_bottom=&#8221;1px&#8221; border_color_bottom=&#8221;#e7e7e7&#8243; global_colors_info=&#8221;{}&#8221;][\/et_pb_post_title][\/et_pb_column_inner][\/et_pb_row_inner][et_pb_row_inner column_structure=&#8221;1_2,1_2&#8243; use_custom_gutter=&#8221;on&#8221; gutter_width=&#8221;1&#8243; _builder_version=&#8221;4.27.5&#8243; _module_preset=&#8221;default&#8221; custom_padding=&#8221;0px||0px||true|false&#8221; global_colors_info=&#8221;{}&#8221;][et_pb_column_inner type=&#8221;1_2&#8243; saved_specialty_column_type=&#8221;2_3&#8243; _builder_version=&#8221;4.27.5&#8243; _module_preset=&#8221;default&#8221; custom_padding_last_edited=&#8221;off|tablet&#8221; custom_css_main_element=&#8221;width:60% !important;&#8221; global_colors_info=&#8221;{}&#8221; custom_css_main_element_last_edited=&#8221;on|tablet&#8221; custom_css_main_element_tablet=&#8221;width:100%;&#8221; custom_css_main_element_phone=&#8221;width:100%;&#8221;][et_pb_text _builder_version=&#8221;4.27.5&#8243; _module_preset=&#8221;default&#8221; hover_enabled=&#8221;0&#8243; custom_css_free_form=&#8221;selector img {||\tborder-radius:150px;||  border: 4px solid white;||  box-shadow:rgba(26, 58, 87, 0.2) 5px 5px 10px 2px;||\taspect-ratio:1\/1;||\tobject-fit:cover;||}&#8221; global_colors_info=&#8221;{}&#8221; admin_label=&#8221;Volunteer with&#8230;&#8221; sticky_enabled=&#8221;0&#8243;]<\/p>\n<p>\u00a1Hazte voluntario de Pantry on the Go (POG)! Nuestro equipo del Ministerio de Alimentaci\u00f3n siempre est\u00e1 buscando nuevos voluntarios para Pantry on the Go. Si eres nuevo en POG, ten por seguro que habr\u00e1 un voluntario con experiencia cerca para ense\u00f1arte todo lo que necesitas saber. Para obtener m\u00e1s informaci\u00f3n sobre las oportunidades de voluntariado mensuales, inscr\u00edbete<a href=\"https:\/\/stfrancis.tpsdb.com\/OnlineReg\/1212\" target=\"_blank\" rel=\"noreferrer noopener\">aqu\u00ed<\/a> en la lista de correo electr\u00f3nico de Pantry on the Go. Los correos electr\u00f3nicos se env\u00edan una vez al mes, con dos semanas de antelaci\u00f3n a la pr\u00f3xima fecha de POG. Cada correo electr\u00f3nico incluye un enlace para que los nuevos voluntarios se inscriban para ese mes.<\/p>\n<p>Entre las tareas de los voluntarios de POG se incluyen, por ejemplo:<\/p>\n<ul>\n<li>Montar mesas, carpas y conos de tr\u00e1fico<\/li>\n<li>Empaquetado y clasificaci\u00f3n de alimentos<\/li>\n<li>Saludos a las familias<\/li>\n<li>Cargar bolsas de comida en los coches<\/li>\n<li>Limpieza al final<\/li>\n<\/ul>\n<p>\u00bfHablas espa\u00f1ol o coreano? \u00a1En Pantry on the Go valoramos mucho tus conocimientos! Si tienes alguna pregunta sobre el voluntariado, ponte en contacto con el\u00a0<strong><a href=\"mailto:foodministry@stfrancismd.org\" target=\"_blank\" rel=\"noreferrer noopener\">equipo del Ministerio de Alimentaci\u00f3n<\/a><\/strong>\u00a0.<\/p>\n<p>\u00bfBuscas un proyecto de servicio para un grupo comunitario? Colaborar con \u00abPantry on the Go\u00bb es una excelente oportunidad para grupos de voluntarios, como grupos familiares, parroquiales, estudiantiles, de empresa y de vecinos. Ponte en contacto con el\u00a0<strong><a href=\"mailto:foodministry@stfrancismd.org\" target=\"_blank\" rel=\"noreferrer noopener\">equipo del Ministerio de Alimentaci\u00f3n<\/a><\/strong>\u00a0para concertar una fecha en la que tu grupo pueda colaborar como voluntario, ya sea un jueves o varios.<\/p>\n<p>[\/et_pb_text][\/et_pb_column_inner][et_pb_column_inner type=&#8221;1_2&#8243; saved_specialty_column_type=&#8221;2_3&#8243; _builder_version=&#8221;4.27.5&#8243; _module_preset=&#8221;default&#8221; custom_padding_tablet=&#8221;20px||||false|false&#8221; custom_padding_phone=&#8221;20px||||false|false&#8221; custom_padding_last_edited=&#8221;on|tablet&#8221; custom_css_main_element=&#8221;width:40% !important;||padding-left:20px;&#8221; global_colors_info=&#8221;{}&#8221; custom_css_main_element_last_edited=&#8221;on|tablet&#8221; custom_css_main_element_tablet=&#8221;width:100%;&#8221; custom_css_main_element_phone=&#8221;width:100%;&#8221;][et_pb_image src=&#8221;@ET-DC@eyJkeW5hbWljIjp0cnVlLCJjb250ZW50IjoicG9zdF9mZWF0dXJlZF9pbWFnZSIsInNldHRpbmdzIjp7fX0=@&#8221; _builder_version=&#8221;4.27.5&#8243; _dynamic_attributes=&#8221;src&#8221; _module_preset=&#8221;default&#8221; max_width=&#8221;300px&#8221; module_alignment=&#8221;center&#8221; custom_css_free_form=&#8221;selector img {||  aspect-ratio:1\/1;||  object-fit:cover;||}&#8221; border_radii=&#8221;on|300px|300px|300px|300px&#8221; border_width_all=&#8221;4px&#8221; border_color_all=&#8221;#FFFFFF&#8221; box_shadow_style=&#8221;preset1&#8243; box_shadow_horizontal=&#8221;5px&#8221; box_shadow_vertical=&#8221;5px&#8221; box_shadow_blur=&#8221;10px&#8221; box_shadow_spread=&#8221;2px&#8221; box_shadow_color=&#8221;rgba(26,58,87,0.2)&#8221; global_colors_info=&#8221;{}&#8221;][\/et_pb_image][\/et_pb_column_inner][\/et_pb_row_inner][et_pb_row_inner _builder_version=&#8221;4.27.5&#8243; _module_preset=&#8221;default&#8221; global_module=&#8221;1828&#8243; global_colors_info=&#8221;{}&#8221;][et_pb_column_inner _builder_version=&#8221;4.27.5&#8243; _module_preset=&#8221;default&#8221; global_colors_info=&#8221;{}&#8221;][et_pb_text admin_label=&#8221;Gratitude to our Partner Organizations!&#8221; _builder_version=&#8221;4.27.5&#8243; _module_preset=&#8221;default&#8221; global_colors_info=&#8221;{}&#8221;]<\/p>\n<p><em>\u00a1Muchas gracias a nuestras organizaciones colaboradoras!<\/em><\/p>\n<p>St. Francis colabora con las siguientes organizaciones para distribuir alimentos, pa\u00f1ales y art\u00edculos de higiene personal entre los miembros de nuestra comunidad.<\/p>\n<p>[\/et_pb_text][\/et_pb_column_inner][\/et_pb_row_inner][et_pb_row_inner column_structure=&#8221;1_3,1_3,1_3&#8243; _builder_version=&#8221;4.27.5&#8243; _module_preset=&#8221;default&#8221; global_module=&#8221;1384&#8243; global_colors_info=&#8221;{}&#8221;][et_pb_column_inner type=&#8221;1_3&#8243; _builder_version=&#8221;4.27.5&#8243; _module_preset=&#8221;default&#8221; global_colors_info=&#8221;{}&#8221;][et_pb_image src=&#8221;https:\/\/stfrancismd.org\/wp-content\/uploads\/sites\/31\/2026\/02\/Safeway_Logo.svg_.png&#8221; alt=&#8221;Logo of Safeway with bold black lettering and a red, white %22S%22 emblem inside a circular shape on the right side.&#8221; title_text=&#8221;Safeway_Logo.svg_&#8221; align=&#8221;center&#8221; admin_label=&#8221;safeway&#8221; _builder_version=&#8221;4.27.5&#8243; _module_preset=&#8221;default&#8221; custom_margin=&#8221;23px|||||&#8221; global_colors_info=&#8221;{}&#8221;][\/et_pb_image][\/et_pb_column_inner][et_pb_column_inner type=&#8221;1_3&#8243; _builder_version=&#8221;4.27.5&#8243; _module_preset=&#8221;default&#8221; global_colors_info=&#8221;{}&#8221;][et_pb_image src=&#8221;https:\/\/stfrancismd.org\/wp-content\/uploads\/sites\/31\/2026\/02\/mfb.png&#8221; alt=&#8221;Logo of Maryland Food Bank featuring stylized red leaves and an orange circle, symbolizing nourishment and community support against hunger.&#8221; title_text=&#8221;mfb&#8221; align=&#8221;center&#8221; admin_label=&#8221;maryland food bank&#8221; _builder_version=&#8221;4.27.5&#8243; _module_preset=&#8221;default&#8221; global_colors_info=&#8221;{}&#8221;][\/et_pb_image][\/et_pb_column_inner][et_pb_column_inner type=&#8221;1_3&#8243; _builder_version=&#8221;4.27.5&#8243; _module_preset=&#8221;default&#8221; global_colors_info=&#8221;{}&#8221;][et_pb_image src=&#8221;https:\/\/stfrancismd.org\/wp-content\/uploads\/sites\/31\/2026\/02\/st-joes.png&#8221; alt=&#8221;Logo of St. Joseph Parish in Cockeysville, Maryland, featuring a church steeple design with the tagline %22A Beacon of Faith, Worship, and Witness.%22&#8243; title_text=&#8221;st-joes&#8221; align=&#8221;center&#8221; admin_label=&#8221;st joseph&#8221; _builder_version=&#8221;4.27.5&#8243; _module_preset=&#8221;default&#8221; custom_margin=&#8221;15px|||||&#8221; global_colors_info=&#8221;{}&#8221;][\/et_pb_image][\/et_pb_column_inner][\/et_pb_row_inner][et_pb_row_inner column_structure=&#8221;1_4,1_4,1_4,1_4&#8243; _builder_version=&#8221;4.27.5&#8243; _module_preset=&#8221;default&#8221; global_module=&#8221;1386&#8243; global_colors_info=&#8221;{}&#8221;][et_pb_column_inner type=&#8221;1_4&#8243; _builder_version=&#8221;4.27.5&#8243; _module_preset=&#8221;default&#8221; global_colors_info=&#8221;{}&#8221;][et_pb_image src=&#8221;https:\/\/stfrancismd.org\/wp-content\/uploads\/sites\/31\/2026\/02\/roseda-25-full@2x.png&#8221; alt=&#8221;Roseda Black Angus Farm logo features a cow silhouette, celebrating 25 years, with a ribbon stating %22Just Taste Our Story%22 in a circular design.&#8221; title_text=&#8221;roseda-25-full@2x&#8221; align=&#8221;center&#8221; admin_label=&#8221;roseda&#8221; _builder_version=&#8221;4.27.5&#8243; _module_preset=&#8221;default&#8221; global_colors_info=&#8221;{}&#8221;][\/et_pb_image][\/et_pb_column_inner][et_pb_column_inner type=&#8221;1_4&#8243; _builder_version=&#8221;4.27.5&#8243; _module_preset=&#8221;default&#8221; global_colors_info=&#8221;{}&#8221;][et_pb_image src=&#8221;https:\/\/stfrancismd.org\/wp-content\/uploads\/sites\/31\/2026\/02\/grocery-outlet-bargain-market.png&#8221; alt=&#8221;The image shows a circular logo of Grocery Outlet Bargain Market, featuring bold white text on a red background with yellow accents.&#8221; title_text=&#8221;grocery-outlet-bargain-market&#8221; align=&#8221;center&#8221; admin_label=&#8221;grocery outlet&#8221; _builder_version=&#8221;4.27.5&#8243; _module_preset=&#8221;default&#8221; global_colors_info=&#8221;{}&#8221;][\/et_pb_image][et_pb_text admin_label=&#8221;Cockeysville Grocery Outlet&#8221; _builder_version=&#8221;4.27.5&#8243; _module_preset=&#8221;default&#8221; text_font_size=&#8221;15px&#8221; text_orientation=&#8221;center&#8221; global_colors_info=&#8221;{}&#8221;]<\/p>\n<p>Grocery Outlet de Cockeysville<\/p>\n<p>[\/et_pb_text][\/et_pb_column_inner][et_pb_column_inner type=&#8221;1_4&#8243; _builder_version=&#8221;4.27.5&#8243; _module_preset=&#8221;default&#8221; global_colors_info=&#8221;{}&#8221;][et_pb_image src=&#8221;https:\/\/stfrancismd.org\/wp-content\/uploads\/sites\/31\/2026\/02\/tumc.png&#8221; alt=&#8221;A plane skywrites a red heart enclosing a blue cross in a clear blue sky, combining elements of affection and faith.&#8221; title_text=&#8221;tumc&#8221; align=&#8221;center&#8221; admin_label=&#8221;methodist church&#8221; _builder_version=&#8221;4.27.5&#8243; _module_preset=&#8221;default&#8221; custom_margin=&#8221;||14px|||&#8221; global_colors_info=&#8221;{}&#8221;][\/et_pb_image][et_pb_text admin_label=&#8221;Timonium United Methodist Church&#8221; _builder_version=&#8221;4.27.5&#8243; _module_preset=&#8221;default&#8221; text_font_size=&#8221;15px&#8221; text_orientation=&#8221;center&#8221; global_colors_info=&#8221;{}&#8221;]<\/p>\n<p>Iglesia Metodista Unida de Timonium<\/p>\n<p>[\/et_pb_text][\/et_pb_column_inner][et_pb_column_inner type=&#8221;1_4&#8243; _builder_version=&#8221;4.27.5&#8243; _module_preset=&#8221;default&#8221; global_colors_info=&#8221;{}&#8221;][et_pb_image src=&#8221;https:\/\/stfrancismd.org\/wp-content\/uploads\/sites\/31\/2026\/02\/dulaney.png&#8221; alt=&#8221;The image displays a heraldic coat of arms with a griffin atop, featuring lions, red diamonds, and yellow-black checkered panels.&#8221; title_text=&#8221;dulaney&#8221; align=&#8221;center&#8221; admin_label=&#8221;dulany high school&#8221; _builder_version=&#8221;4.27.5&#8243; _module_preset=&#8221;default&#8221; custom_margin=&#8221;||13px|||&#8221; global_colors_info=&#8221;{}&#8221;][\/et_pb_image][et_pb_text admin_label=&#8221;Dulaney High School&#8221; _builder_version=&#8221;4.27.5&#8243; _module_preset=&#8221;default&#8221; text_font_size=&#8221;15px&#8221; text_orientation=&#8221;center&#8221; global_colors_info=&#8221;{}&#8221;]<\/p>\n<p>Instituto Dulaney<\/p>\n<p>[\/et_pb_text][\/et_pb_column_inner][\/et_pb_row_inner][et_pb_row_inner _builder_version=&#8221;4.27.5&#8243; _module_preset=&#8221;default&#8221; global_colors_info=&#8221;{}&#8221;][et_pb_column_inner saved_specialty_column_type=&#8221;2_3&#8243; _builder_version=&#8221;4.27.5&#8243; _module_preset=&#8221;default&#8221; global_colors_info=&#8221;{}&#8221;][dssb_sharing_buttons icon_placement=&#8221;icon&#8221; columns=&#8221;2&#8243; icon_width=&#8221;fixed&#8221; use_sharing_title=&#8221;on&#8221; sharing_title=&#8221;Share this page: %91show_title_link%93&#8243; sharing_title_inline=&#8221;on&#8221; use_global_sharing=&#8221;on&#8221; _builder_version=&#8221;4.27.5&#8243; _module_preset=&#8221;default&#8221; custom_padding=&#8221;20px||||false|false&#8221; custom_css_before=&#8221;%91wt26_wt028168124_title%93&#8243; custom_css_main_element=&#8221;border-top: 1px solid #dddddd;&#8221; custom_css_free_form=&#8221;selector .et_pb_module_inner {||  justify-content: space-between !important;||}&#8221; border_radii_icon=&#8221;on|50px|50px|50px|50px&#8221; global_module=&#8221;622&#8243; global_colors_info=&#8221;{}&#8221;][dssb_sharing_button use_custom_icon_size=&#8221;on&#8221; icon_bg=&#8221;#1F73C0&#8243; _builder_version=&#8221;4.27.5&#8243; _module_preset=&#8221;default&#8221; background_color=&#8221;RGBA(255,255,255,0)&#8221; background_enable_color=&#8221;on&#8221; global_colors_info=&#8221;{}&#8221;][\/dssb_sharing_button][dssb_sharing_button social_network=&#8221;email&#8221; icon_color=&#8221;#369948&#8243; use_custom_icon_size=&#8221;on&#8221; icon_bg=&#8221;RGBA(255,255,255,0)&#8221; _builder_version=&#8221;4.27.5&#8243; _module_preset=&#8221;default&#8221; background_color=&#8221;RGBA(255,255,255,0)&#8221; background_enable_color=&#8221;on&#8221; global_colors_info=&#8221;{}&#8221;][\/dssb_sharing_button][\/dssb_sharing_buttons][\/et_pb_column_inner][\/et_pb_row_inner][\/et_pb_column][et_pb_column type=&#8221;1_3&#8243; _builder_version=&#8221;4.16&#8243; custom_padding=&#8221;|||&#8221; global_colors_info=&#8221;{}&#8221; custom_padding__hover=&#8221;|||&#8221;][et_pb_menu menu_id=&#8221;26&#8243; menu_style=&#8221;centered&#8221; admin_label=&#8221;Nourish submenu&#8221; _builder_version=&#8221;4.27.5&#8243; _module_preset=&#8221;default&#8221; menu_font=&#8221;|600|||||||&#8221; background_layout=&#8221;dark&#8221; custom_css_free_form=&#8221;selector .et-menu {||  margin-left:0px;||  margin-right:0px;||}||selector li {||  width:100%;||  padding-left:0px !important;||  padding-right:0px !important;||}||selector .current_page_item a {||  background-color:#40BF58 !important;||  border: 1px solid #40BF58 !important;||}||selector.et_pb_menu .et_pb_menu__menu,.lwp-hide-mobile-menu.et_pb_fullwidth_menu .et_pb_menu__menu {||  display: flex!important;||}||selector .et_mobile_nav_menu { ||  display: none; ||}||@media (max-width: 980px) {||  selector.et_pb_fullwidth_menu .et_pb_menu__menu {||    display: flex!important;||  }||}&#8221; custom_css_menu_link=&#8221;background-color:#369948;||width: 100%;||padding-top: 12px !important;||padding-right: 20px !important;||padding-bottom: 12px !important;||padding-left: 20px !important;||font-size: 16px !important;||border: 1px solid #369948;||border-radius: 8px !important;||transition: all 300ms ease 0ms;||line-height: 1.2em !important;||text-align:center;&#8221; global_module=&#8221;1307&#8243; global_colors_info=&#8221;{}&#8221;][\/et_pb_menu][et_pb_button button_url=&#8221;https:\/\/www.signupgenius.com\/go\/10c0e45acaa2ba7f4c43-stfrancis#\/&#8221; url_new_window=&#8221;on&#8221; button_text=&#8221;Indoor Choice Pantry Volunteer Sign Up&#8221; button_alignment=&#8221;center&#8221; admin_label=&#8221;Indoor Choice Pantry Volunteer Sign Up&#8221; _builder_version=&#8221;4.27.5&#8243; _module_preset=&#8221;default&#8221; custom_margin=&#8221;20px||20px||true|false&#8221; custom_css_main_element=&#8221;width:100%;||line-height:1.2em !important;&#8221; global_module=&#8221;1330&#8243; global_colors_info=&#8221;{}&#8221;][\/et_pb_button][et_pb_button button_url=&#8221;https:\/\/calendly.com\/foodpantry-stfrancis&#8221; url_new_window=&#8221;on&#8221; button_text=&#8221;Indoor Choice Pantry Shopper Appointments&#8221; button_alignment=&#8221;center&#8221; admin_label=&#8221;Indoor Choice Pantry Shopper Appointments&#8221; _builder_version=&#8221;4.27.5&#8243; _module_preset=&#8221;default&#8221; custom_margin=&#8221;20px||20px||true|false&#8221; custom_css_main_element=&#8221;width:100%;||line-height:1.2em !important;&#8221; global_module=&#8221;1331&#8243; saved_tabs=&#8221;all&#8221; global_colors_info=&#8221;{}&#8221;][\/et_pb_button][et_pb_button button_url=&#8221;https:\/\/stfrancis.tpsdb.com\/OnlineReg\/1212&#8243; url_new_window=&#8221;on&#8221; button_text=&#8221;sign up for the Pantry on the Go email list&#8221; button_alignment=&#8221;center&#8221; admin_label=&#8221;sign up for the Pantry on the Go email list&#8221; _builder_version=&#8221;4.27.5&#8243; _module_preset=&#8221;default&#8221; custom_margin=&#8221;20px||20px||true|false&#8221; custom_css_main_element=&#8221;width:100%;||line-height:1.2em !important;&#8221; global_module=&#8221;1336&#8243; saved_tabs=&#8221;all&#8221; global_colors_info=&#8221;{}&#8221;][\/et_pb_button][et_pb_button button_url=&#8221;mailto:wtwdinner@stfrancismd.org&#8221; url_new_window=&#8221;on&#8221; button_text=&#8221;send a message to the Welcome Table Wednesday Dinner Team&#8221; button_alignment=&#8221;center&#8221; admin_label=&#8221;send a message to the Welcome Table Wednesday Dinner Team&#8221; _builder_version=&#8221;4.27.5&#8243; _module_preset=&#8221;default&#8221; custom_margin=&#8221;20px||20px||true|false&#8221; custom_css_main_element=&#8221;width:100%;||line-height:1.2em !important;&#8221; global_module=&#8221;1333&#8243; saved_tabs=&#8221;all&#8221; global_colors_info=&#8221;{}&#8221;][\/et_pb_button][et_pb_button button_url=&#8221;https:\/\/stfrancis.tpsdb.com\/Give\/stfrancis?type=onetime&#8221; url_new_window=&#8221;on&#8221; button_text=&#8221;Give Today&#8221; button_alignment=&#8221;center&#8221; admin_label=&#8221;Give Today&#8221; _builder_version=&#8221;4.27.5&#8243; _module_preset=&#8221;default&#8221; custom_margin=&#8221;20px||20px||true|false&#8221; custom_css_main_element=&#8221;width:100%;||line-height:1.2em !important;&#8221; global_module=&#8221;638&#8243; locked=&#8221;off&#8221; global_colors_info=&#8221;{}&#8221;][\/et_pb_button][et_pb_text admin_label=&#8221;Announcements&#8221; _builder_version=&#8221;4.27.5&#8243; _module_preset=&#8221;default&#8221; custom_margin=&#8221;||10px||false|false&#8221; global_module=&#8221;1813&#8243; global_colors_info=&#8221;{}&#8221;]<\/p>\n<h2>Anuncios<\/h2>\n<p>[\/et_pb_text][et_pb_blog posts_number=&#8221;4&#8243; include_categories=&#8221;9,11&#8243; excerpt_length=&#8221;175&#8243; show_more=&#8221;on&#8221; show_author=&#8221;off&#8221; show_date=&#8221;off&#8221; show_categories=&#8221;off&#8221; show_pagination=&#8221;off&#8221; admin_label=&#8221;Food Ministry blog&#8221; _builder_version=&#8221;4.27.5&#8243; _module_preset=&#8221;default&#8221; header_level=&#8221;h3&#8243; header_text_color=&#8221;#1F73C0&#8243; header_font_size=&#8221;16px&#8221; body_text_color=&#8221;#100E1A&#8221; body_font_size=&#8221;14px&#8221; read_more_font=&#8221;|||on|||||&#8221; read_more_text_color=&#8221;#FFFFFF&#8221; read_more_font_size=&#8221;12px&#8221; custom_padding=&#8221;||||false|false&#8221; custom_css_free_form=&#8221;selector .et_pb_post {||  display: grid;||  grid-template-columns: 1fr 3fr;||  column-gap:15px;||  margin-bottom:20px;||  padding-bottom:20px;||}||@media all and (max-width: 980px) {||  selector .et_pb_post {||    grid-template-columns: 1fr;||  }||}||selector .entry-featured-image-url {||  grid-row: 1 \/ span 2;||}&#8221; custom_css_content=&#8221;grid-column:2;&#8221; custom_css_featured_image=&#8221;border-radius:300px;||border: 4px solid white !important;||box-shadow:rgba(26, 58, 87, 0.2) 5px 5px 10px 2px;||aspect-ratio:1\/1;||object-fit:cover;&#8221; custom_css_read_more=&#8221;padding: 10px 15px;||background-color: #3d280d;||border-width: 1px;||border-color: #3d280d;||border-radius: 8px;||transition: all 300ms ease 0ms;||line-height: 1.2em;||margin-top:10px;||font-weight:400;||display:inline-block;&#8221; border_width_bottom_fullwidth=&#8221;1px&#8221; border_color_bottom_fullwidth=&#8221;#dddddd&#8221; global_module=&#8221;1814&#8243; global_colors_info=&#8221;{}&#8221; custom_css_content_tablet=&#8221;grid-column:1;&#8221; custom_css_content_phone=&#8221;grid-column:1;&#8221; custom_css_content_last_edited=&#8221;on|tablet&#8221; custom_css_read_more__hover=&#8221;background-color: #369948;||border: 1px solid #3d280d;&#8221; custom_css_read_more__hover_enabled=&#8221;on|hover&#8221;][\/et_pb_blog][et_pb_text admin_label=&#8221;Upcoming Events&#8221; _builder_version=&#8221;4.27.5&#8243; _module_preset=&#8221;default&#8221; custom_margin=&#8221;||10px||false|false&#8221; global_module=&#8221;1815&#8243; global_colors_info=&#8221;{}&#8221;]<\/p>\n<h2>Pr\u00f3ximos eventos<\/h2>\n<p>[\/et_pb_text][decm_event_display event_selection=\u00bbcustom_event\u00bb included_categories=\u00bb24\u00bb show_virtual_event=\u00bbon\u00bb show_hybrid_event=\u00bbon\u00bb recurrence_number=\u00bb1\u00bb show_end_date=\"off\" show_end_time=\"off\" show_venue=\"off\" show_name=\"off\" show_price=\"off\" show_price_ticket=\"off\" show_rsvp_feed=\"off\" show_category=\"off\" show_tag=\u201doff\u201d show_weburl=\u201doff\u201d excerpt_content=\u201d_show\u201d show_icon_label=\u201dnone\u201d event_count=\u201d3\u2033 excerpt_length=\u201d210\u2033 layout=\u201dlist\u201d list_layout=\u201dleftimage_rightdetail\u201d show_event_month_heading=\u201doff\u201d details_link_color=\u201d#1F73C0\u2033 color_icono_detalles=\u201d#1F73C0\u2033 relaci\u00f3n_de_aspecto_imagen=\u201d1\/1\u2033 etiqueta_admin=\u201dFeed de eventos de Nourish\u201d _builder_version=\u201d4.27.5\u2033 _module_preset=\u201ddefault\u201d nivel_t\u00edtulo=\u201dh3\u2033 color_texto_t\u00edtulo=\u201d#1F73C0\u2033 title_font_size=\u201d15px\u201d duration_font=\u201d|600|||||||\u201d duration_font_size=\u201d14px\u201d excerpt_font_size=\u201d14px\u201d excerpt_line_height=\u201d1.4em\u201d custom_view_more=\u201don\u201d tama\u00f1o_texto_ver_m\u00e1s=\u201d12px\u201d radios_borde_miniatura=\u201dactivado|200px|200px|200px|200px\u201d ancho_borde_miniatura=\u201d4px\u201d color_borde_miniatura=\u201d#FFFFFF\u201d box_shadow_style_image_box_shadow=\u201dpreset1\u2033 box_shadow_horizontal_image_box_shadow=\u201d5px\u201d box_shadow_vertical_image_box_shadow=\u201d5px\u201d box_shadow_blur_image_box_shadow=\u201d10px\u201d box_shadow_spread_image_box_shadow=\u201d2px\u201d box_shadow_color_image_box_shadow=\u201drgba(26,58,87,0.2)\u201d global_module=\u201d1817\u2033 global_colors_info=\u201d{}\u201d][\/decm_event_display][\/et_pb_column][\/et_pb_section]<\/p>\n","protected":false},"excerpt":{"rendered":"<p>\u00a1Hazte voluntario de Pantry on the Go (POG)! Nuestro equipo del ministerio de alimentaci\u00f3n siempre est\u00e1 buscando nuevos voluntarios para Pantry on the Go. Si eres nuevo en POG, no te preocupes\u2026<\/p>\n","protected":false},"author":40,"featured_media":1358,"parent":55,"menu_order":40,"comment_status":"closed","ping_status":"closed","template":"","meta":{"_et_pb_use_builder":"on","_et_pb_old_content":"","_et_gb_content_width":"","footnotes":""},"categories":[11],"tags":[],"class_list":["post-60","page","type-page","status-publish","has-post-thumbnail","hentry","category-nourish"],"_links":{"self":[{"href":"https:\/\/stfrancismd.org\/wp-json\/wp\/v2\/pages\/60","targetHints":{"allow":["GET"]}}],"collection":[{"href":"https:\/\/stfrancismd.org\/wp-json\/wp\/v2\/pages"}],"about":[{"href":"https:\/\/stfrancismd.org\/wp-json\/wp\/v2\/types\/page"}],"author":[{"embeddable":true,"href":"https:\/\/stfrancismd.org\/wp-json\/wp\/v2\/users\/40"}],"replies":[{"embeddable":true,"href":"https:\/\/stfrancismd.org\/wp-json\/wp\/v2\/comments?post=60"}],"version-history":[{"count":5,"href":"https:\/\/stfrancismd.org\/wp-json\/wp\/v2\/pages\/60\/revisions"}],"predecessor-version":[{"id":2271,"href":"https:\/\/stfrancismd.org\/wp-json\/wp\/v2\/pages\/60\/revisions\/2271"}],"up":[{"embeddable":true,"href":"https:\/\/stfrancismd.org\/wp-json\/wp\/v2\/pages\/55"}],"wp:featuredmedia":[{"embeddable":true,"href":"https:\/\/stfrancismd.org\/wp-json\/wp\/v2\/media\/1358"}],"wp:attachment":[{"href":"https:\/\/stfrancismd.org\/wp-json\/wp\/v2\/media?parent=60"}],"wp:term":[{"taxonomy":"category","embeddable":true,"href":"https:\/\/stfrancismd.org\/wp-json\/wp\/v2\/categories?post=60"},{"taxonomy":"post_tag","embeddable":true,"href":"https:\/\/stfrancismd.org\/wp-json\/wp\/v2\/tags?post=60"}],"curies":[{"name":"wp","href":"https:\/\/api.w.org\/{rel}","templated":true}]}}