{"id":61,"date":"2026-02-01T23:17:07","date_gmt":"2026-02-02T04:17:07","guid":{"rendered":"https:\/\/wt028168124.mywtdivi4.com\/?page_id=61"},"modified":"2026-02-24T21:51:34","modified_gmt":"2026-02-25T02:51:34","slug":"welcome-table-wednesday-dinners","status":"publish","type":"page","link":"https:\/\/stfrancismd.org\/es\/nourish\/welcome-table-wednesday-dinners\/","title":{"rendered":"Welcome Table Wednesday Dinners"},"content":{"rendered":"<p>[et_pb_section fb_built=&#8221;1&#8243; use_custom_gutter=&#8221;on&#8221; specialty=&#8221;on&#8221; _builder_version=&#8221;4.27.5&#8243; _module_preset=&#8221;default&#8221; border_width_top=&#8221;4px&#8221; border_color_top=&#8221;#369948&#8243; global_colors_info=&#8221;{}&#8221;][et_pb_column type=&#8221;2_3&#8243; specialty_columns=&#8221;2&#8243; _builder_version=&#8221;4.16&#8243; custom_padding=&#8221;|||&#8221; global_colors_info=&#8221;{}&#8221; custom_padding__hover=&#8221;|||&#8221;][et_pb_row_inner _builder_version=&#8221;4.27.5&#8243; _module_preset=&#8221;default&#8221; custom_padding=&#8221;||20px||false|false&#8221; global_colors_info=&#8221;{}&#8221;][et_pb_column_inner saved_specialty_column_type=&#8221;2_3&#8243; _builder_version=&#8221;4.27.5&#8243; _module_preset=&#8221;default&#8221; global_colors_info=&#8221;{}&#8221;][et_pb_post_title meta=&#8221;off&#8221; featured_image=&#8221;off&#8221; _builder_version=&#8221;4.27.5&#8243; _module_preset=&#8221;default&#8221; title_font_size=&#8221;40px&#8221; border_width_bottom=&#8221;1px&#8221; border_color_bottom=&#8221;#e7e7e7&#8243; global_colors_info=&#8221;{}&#8221;][\/et_pb_post_title][\/et_pb_column_inner][\/et_pb_row_inner][et_pb_row_inner column_structure=&#8221;1_2,1_2&#8243; use_custom_gutter=&#8221;on&#8221; gutter_width=&#8221;1&#8243; _builder_version=&#8221;4.27.5&#8243; _module_preset=&#8221;default&#8221; custom_padding=&#8221;0px||0px||true|false&#8221; global_colors_info=&#8221;{}&#8221;][et_pb_column_inner type=&#8221;1_2&#8243; saved_specialty_column_type=&#8221;2_3&#8243; _builder_version=&#8221;4.27.5&#8243; _module_preset=&#8221;default&#8221; custom_padding_last_edited=&#8221;off|tablet&#8221; custom_css_main_element=&#8221;width:60% !important;&#8221; global_colors_info=&#8221;{}&#8221; custom_css_main_element_last_edited=&#8221;on|tablet&#8221; custom_css_main_element_tablet=&#8221;width:100%;&#8221; custom_css_main_element_phone=&#8221;width:100%;&#8221;][et_pb_text _builder_version=&#8221;4.27.5&#8243; _module_preset=&#8221;default&#8221; hover_enabled=&#8221;0&#8243; custom_css_free_form=&#8221;selector img {||\tborder-radius:150px;||  border: 4px solid white;||  box-shadow:rgba(26, 58, 87, 0.2) 5px 5px 10px 2px;||\taspect-ratio:1\/1;||\tobject-fit:cover;||}&#8221; global_colors_info=&#8221;{}&#8221; admin_label=&#8221;Welcome Table Wednesday&#8221; sticky_enabled=&#8221;0&#8243;]<\/p>\n<p>\u00a1El \u00abWelcome Table Wednesday\u00bb (WTW) est\u00e1 abierto a todo el mundo! Te invitamos a que te unas a nosotros en St. Francis los mi\u00e9rcoles por la noche durante el curso escolar para compartir juntos una cena comunitaria gratuita y saludable.<strong>Nos reunimos de septiembre a mayo a las 18:00 h en la sala grande.<\/strong>\u00a1Compartimos comida y compa\u00f1erismo!<\/p>\n<p>Para acceder a la sala grande, busca la rampa para sillas de ruedas que hay junto al parque infantil. Esta te llevar\u00e1 directamente a la entrada del centro comunitario. Hay recipientes para llevar disponibles si necesitas llevarte la comida a casa para un ser querido.<\/p>\n<p>[\/et_pb_text][\/et_pb_column_inner][et_pb_column_inner type=&#8221;1_2&#8243; saved_specialty_column_type=&#8221;2_3&#8243; _builder_version=&#8221;4.27.5&#8243; _module_preset=&#8221;default&#8221; custom_padding_tablet=&#8221;20px||||false|false&#8221; custom_padding_phone=&#8221;20px||||false|false&#8221; custom_padding_last_edited=&#8221;on|tablet&#8221; custom_css_main_element=&#8221;width:40% !important;||padding-left:20px;&#8221; global_colors_info=&#8221;{}&#8221; custom_css_main_element_last_edited=&#8221;on|tablet&#8221; custom_css_main_element_tablet=&#8221;width:100%;&#8221; custom_css_main_element_phone=&#8221;width:100%;&#8221;][et_pb_image src=&#8221;@ET-DC@eyJkeW5hbWljIjp0cnVlLCJjb250ZW50IjoicG9zdF9mZWF0dXJlZF9pbWFnZSIsInNldHRpbmdzIjp7fX0=@&#8221; _builder_version=&#8221;4.27.5&#8243; _dynamic_attributes=&#8221;src&#8221; _module_preset=&#8221;default&#8221; max_width=&#8221;300px&#8221; module_alignment=&#8221;center&#8221; custom_css_free_form=&#8221;selector img {||  aspect-ratio:1\/1;||  object-fit:cover;||}&#8221; border_radii=&#8221;on|300px|300px|300px|300px&#8221; border_width_all=&#8221;4px&#8221; border_color_all=&#8221;#FFFFFF&#8221; box_shadow_style=&#8221;preset1&#8243; box_shadow_horizontal=&#8221;5px&#8221; box_shadow_vertical=&#8221;5px&#8221; box_shadow_blur=&#8221;10px&#8221; box_shadow_spread=&#8221;2px&#8221; box_shadow_color=&#8221;rgba(26,58,87,0.2)&#8221; global_colors_info=&#8221;{}&#8221;][\/et_pb_image][\/et_pb_column_inner][\/et_pb_row_inner][et_pb_row_inner _builder_version=&#8221;4.27.5&#8243; _module_preset=&#8221;default&#8221; custom_padding=&#8221;17px|||||&#8221; global_colors_info=&#8221;{}&#8221;][et_pb_column_inner saved_specialty_column_type=&#8221;2_3&#8243; _builder_version=&#8221;4.27.5&#8243; _module_preset=&#8221;default&#8221; global_colors_info=&#8221;{}&#8221;][et_pb_text _builder_version=&#8221;4.27.5&#8243; _module_preset=&#8221;default&#8221; custom_padding=&#8221;|38px||||&#8221; hover_enabled=&#8221;0&#8243; global_colors_info=&#8221;{}&#8221; admin_label=&#8221;Volunteer with Welcome Table Wednesday&#8221; sticky_enabled=&#8221;0&#8243;]<\/p>\n<h2 class=\"wp-block-heading\">Hazte voluntario en Welcome Table Wednesday<\/h2>\n<p>Las cenas de WTW las preparan voluntarios. Estas son algunas de las tareas que realizan los voluntarios:<\/p>\n<ul>\n<li>cortar frutas y verduras<\/li>\n<li>preparar la comida<\/li>\n<li>servir la comida<\/li>\n<li>lavar los platos<\/li>\n<li>sacar la basura<\/li>\n<li>barrer el suelo<\/li>\n<li>\u00a1y mucho m\u00e1s!<\/li>\n<\/ul>\n<p>\u00a1Todos son bienvenidos a participar como voluntarios! Si te interesa saber m\u00e1s sobre el voluntariado, ponte en contacto con la\u00a0<strong><a href=\"mailto:wtwdinner@stfrancismd.org\" target=\"_blank\" rel=\"noopener\">Welcome Table Wednesday<\/a><\/strong>\u00a0. Un miembro del comit\u00e9 directivo de WTW se pondr\u00e1 en contacto contigo. Los nuevos voluntarios siempre recibir\u00e1n formaci\u00f3n y se les asignar\u00e1 un compa\u00f1ero con experiencia.<\/p>\n<p>\u00bfBuscas un proyecto de servicio para un grupo comunitario? \u00a1Colaborar con WTW puede ser una opci\u00f3n ideal para tu grupo de voluntarios! Ponte en contacto con\u00a0<strong><a href=\"mailto:wtwdinner@stfrancismd.org\" target=\"_blank\" rel=\"noreferrer noopener\">equipo de Welcome Table Wednesday<\/a><\/strong>\u00a0para ponerte en contacto con un miembro del comit\u00e9 directivo. Podr\u00e1s obtener m\u00e1s informaci\u00f3n y ver si WTW es una buena opci\u00f3n para tu grupo.<\/p>\n<p>[\/et_pb_text][\/et_pb_column_inner][\/et_pb_row_inner][et_pb_row_inner _builder_version=&#8221;4.27.5&#8243; _module_preset=&#8221;default&#8221; global_colors_info=&#8221;{}&#8221;][et_pb_column_inner saved_specialty_column_type=&#8221;2_3&#8243; _builder_version=&#8221;4.27.5&#8243; _module_preset=&#8221;default&#8221; global_colors_info=&#8221;{}&#8221;][dssb_sharing_buttons icon_placement=&#8221;icon&#8221; columns=&#8221;2&#8243; icon_width=&#8221;fixed&#8221; use_sharing_title=&#8221;on&#8221; sharing_title=&#8221;Share this page: %91show_title_link%93&#8243; sharing_title_inline=&#8221;on&#8221; use_global_sharing=&#8221;on&#8221; _builder_version=&#8221;4.27.5&#8243; _module_preset=&#8221;default&#8221; custom_padding=&#8221;20px||||false|false&#8221; custom_css_before=&#8221;%91wt26_wt028168124_title%93&#8243; custom_css_main_element=&#8221;border-top: 1px solid #dddddd;&#8221; custom_css_free_form=&#8221;selector .et_pb_module_inner {||  justify-content: space-between !important;||}&#8221; border_radii_icon=&#8221;on|50px|50px|50px|50px&#8221; global_module=&#8221;622&#8243; global_colors_info=&#8221;{}&#8221;][dssb_sharing_button use_custom_icon_size=&#8221;on&#8221; icon_bg=&#8221;#1F73C0&#8243; _builder_version=&#8221;4.27.5&#8243; _module_preset=&#8221;default&#8221; background_color=&#8221;RGBA(255,255,255,0)&#8221; background_enable_color=&#8221;on&#8221; global_colors_info=&#8221;{}&#8221;][\/dssb_sharing_button][dssb_sharing_button social_network=&#8221;email&#8221; icon_color=&#8221;#369948&#8243; use_custom_icon_size=&#8221;on&#8221; icon_bg=&#8221;RGBA(255,255,255,0)&#8221; _builder_version=&#8221;4.27.5&#8243; _module_preset=&#8221;default&#8221; background_color=&#8221;RGBA(255,255,255,0)&#8221; background_enable_color=&#8221;on&#8221; global_colors_info=&#8221;{}&#8221;][\/dssb_sharing_button][\/dssb_sharing_buttons][\/et_pb_column_inner][\/et_pb_row_inner][\/et_pb_column][et_pb_column type=&#8221;1_3&#8243; _builder_version=&#8221;4.16&#8243; custom_padding=&#8221;|||&#8221; global_colors_info=&#8221;{}&#8221; custom_padding__hover=&#8221;|||&#8221;][et_pb_menu menu_id=&#8221;26&#8243; menu_style=&#8221;centered&#8221; admin_label=&#8221;Nourish submenu&#8221; _builder_version=&#8221;4.27.5&#8243; _module_preset=&#8221;default&#8221; menu_font=&#8221;|600|||||||&#8221; background_layout=&#8221;dark&#8221; custom_css_free_form=&#8221;selector .et-menu {||  margin-left:0px;||  margin-right:0px;||}||selector li {||  width:100%;||  padding-left:0px !important;||  padding-right:0px !important;||}||selector .current_page_item a {||  background-color:#40BF58 !important;||  border: 1px solid #40BF58 !important;||}||selector.et_pb_menu .et_pb_menu__menu,.lwp-hide-mobile-menu.et_pb_fullwidth_menu .et_pb_menu__menu {||  display: flex!important;||}||selector .et_mobile_nav_menu { ||  display: none; ||}||@media (max-width: 980px) {||  selector.et_pb_fullwidth_menu .et_pb_menu__menu {||    display: flex!important;||  }||}&#8221; custom_css_menu_link=&#8221;background-color:#369948;||width: 100%;||padding-top: 12px !important;||padding-right: 20px !important;||padding-bottom: 12px !important;||padding-left: 20px !important;||font-size: 16px !important;||border: 1px solid #369948;||border-radius: 8px !important;||transition: all 300ms ease 0ms;||line-height: 1.2em !important;||text-align:center;&#8221; global_module=&#8221;1307&#8243; global_colors_info=&#8221;{}&#8221;][\/et_pb_menu][et_pb_button button_url=&#8221;https:\/\/www.signupgenius.com\/go\/10c0e45acaa2ba7f4c43-stfrancis#\/&#8221; url_new_window=&#8221;on&#8221; button_text=&#8221;Indoor Choice Pantry Volunteer Sign Up&#8221; button_alignment=&#8221;center&#8221; admin_label=&#8221;Indoor Choice Pantry Volunteer Sign Up&#8221; _builder_version=&#8221;4.27.5&#8243; _module_preset=&#8221;default&#8221; custom_margin=&#8221;20px||20px||true|false&#8221; custom_css_main_element=&#8221;width:100%;||line-height:1.2em !important;&#8221; global_module=&#8221;1330&#8243; global_colors_info=&#8221;{}&#8221;][\/et_pb_button][et_pb_button button_url=&#8221;https:\/\/calendly.com\/foodpantry-stfrancis&#8221; url_new_window=&#8221;on&#8221; button_text=&#8221;Indoor Choice Pantry Shopper Appointments&#8221; button_alignment=&#8221;center&#8221; admin_label=&#8221;Indoor Choice Pantry Shopper Appointments&#8221; _builder_version=&#8221;4.27.5&#8243; _module_preset=&#8221;default&#8221; custom_margin=&#8221;20px||20px||true|false&#8221; custom_css_main_element=&#8221;width:100%;||line-height:1.2em !important;&#8221; global_module=&#8221;1331&#8243; saved_tabs=&#8221;all&#8221; global_colors_info=&#8221;{}&#8221;][\/et_pb_button][et_pb_button button_url=&#8221;https:\/\/stfrancis.tpsdb.com\/OnlineReg\/1212&#8243; url_new_window=&#8221;on&#8221; button_text=&#8221;sign up for the Pantry on the Go email list&#8221; button_alignment=&#8221;center&#8221; admin_label=&#8221;sign up for the Pantry on the Go email list&#8221; _builder_version=&#8221;4.27.5&#8243; _module_preset=&#8221;default&#8221; custom_margin=&#8221;20px||20px||true|false&#8221; custom_css_main_element=&#8221;width:100%;||line-height:1.2em !important;&#8221; global_module=&#8221;1336&#8243; saved_tabs=&#8221;all&#8221; global_colors_info=&#8221;{}&#8221;][\/et_pb_button][et_pb_button button_url=&#8221;mailto:wtwdinner@stfrancismd.org&#8221; url_new_window=&#8221;on&#8221; button_text=&#8221;send a message to the Welcome Table Wednesday Dinner Team&#8221; button_alignment=&#8221;center&#8221; admin_label=&#8221;send a message to the Welcome Table Wednesday Dinner Team&#8221; _builder_version=&#8221;4.27.5&#8243; _module_preset=&#8221;default&#8221; custom_margin=&#8221;20px||20px||true|false&#8221; custom_css_main_element=&#8221;width:100%;||line-height:1.2em !important;&#8221; global_module=&#8221;1333&#8243; saved_tabs=&#8221;all&#8221; global_colors_info=&#8221;{}&#8221;][\/et_pb_button][et_pb_button button_url=&#8221;https:\/\/stfrancis.tpsdb.com\/Give\/stfrancis?type=onetime&#8221; url_new_window=&#8221;on&#8221; button_text=&#8221;Give Today&#8221; button_alignment=&#8221;center&#8221; admin_label=&#8221;Give Today&#8221; _builder_version=&#8221;4.27.5&#8243; _module_preset=&#8221;default&#8221; custom_margin=&#8221;20px||20px||true|false&#8221; custom_css_main_element=&#8221;width:100%;||line-height:1.2em !important;&#8221; global_module=&#8221;638&#8243; locked=&#8221;off&#8221; global_colors_info=&#8221;{}&#8221;][\/et_pb_button][et_pb_text admin_label=&#8221;Announcements&#8221; _builder_version=&#8221;4.27.5&#8243; _module_preset=&#8221;default&#8221; custom_margin=&#8221;||10px||false|false&#8221; global_module=&#8221;1813&#8243; global_colors_info=&#8221;{}&#8221;]<\/p>\n<h2>Anuncios<\/h2>\n<p>[\/et_pb_text][et_pb_blog posts_number=&#8221;4&#8243; include_categories=&#8221;9,11&#8243; excerpt_length=&#8221;175&#8243; show_more=&#8221;on&#8221; show_author=&#8221;off&#8221; show_date=&#8221;off&#8221; show_categories=&#8221;off&#8221; show_pagination=&#8221;off&#8221; admin_label=&#8221;Food Ministry blog&#8221; _builder_version=&#8221;4.27.5&#8243; _module_preset=&#8221;default&#8221; header_level=&#8221;h3&#8243; header_text_color=&#8221;#1F73C0&#8243; header_font_size=&#8221;16px&#8221; body_text_color=&#8221;#100E1A&#8221; body_font_size=&#8221;14px&#8221; read_more_font=&#8221;|||on|||||&#8221; read_more_text_color=&#8221;#FFFFFF&#8221; read_more_font_size=&#8221;12px&#8221; custom_padding=&#8221;||||false|false&#8221; custom_css_free_form=&#8221;selector .et_pb_post {||  display: grid;||  grid-template-columns: 1fr 3fr;||  column-gap:15px;||  margin-bottom:20px;||  padding-bottom:20px;||}||@media all and (max-width: 980px) {||  selector .et_pb_post {||    grid-template-columns: 1fr;||  }||}||selector .entry-featured-image-url {||  grid-row: 1 \/ span 2;||}&#8221; custom_css_content=&#8221;grid-column:2;&#8221; custom_css_featured_image=&#8221;border-radius:300px;||border: 4px solid white !important;||box-shadow:rgba(26, 58, 87, 0.2) 5px 5px 10px 2px;||aspect-ratio:1\/1;||object-fit:cover;&#8221; custom_css_read_more=&#8221;padding: 10px 15px;||background-color: #3d280d;||border-width: 1px;||border-color: #3d280d;||border-radius: 8px;||transition: all 300ms ease 0ms;||line-height: 1.2em;||margin-top:10px;||font-weight:400;||display:inline-block;&#8221; border_width_bottom_fullwidth=&#8221;1px&#8221; border_color_bottom_fullwidth=&#8221;#dddddd&#8221; global_module=&#8221;1814&#8243; global_colors_info=&#8221;{}&#8221; custom_css_content_tablet=&#8221;grid-column:1;&#8221; custom_css_content_phone=&#8221;grid-column:1;&#8221; custom_css_content_last_edited=&#8221;on|tablet&#8221; custom_css_read_more__hover=&#8221;background-color: #369948;||border: 1px solid #3d280d;&#8221; custom_css_read_more__hover_enabled=&#8221;on|hover&#8221;][\/et_pb_blog][et_pb_text admin_label=&#8221;Upcoming Events&#8221; _builder_version=&#8221;4.27.5&#8243; _module_preset=&#8221;default&#8221; custom_margin=&#8221;||10px||false|false&#8221; global_module=&#8221;1815&#8243; global_colors_info=&#8221;{}&#8221;]<\/p>\n<h2>Pr\u00f3ximos eventos<\/h2>\n<p>[\/et_pb_text][decm_event_display event_selection=\u00bbcustom_event\u00bb included_categories=\u00bb24\u00bb show_virtual_event=\u00bbon\u00bb show_hybrid_event=\u00bbon\u00bb recurrence_number=\u00bb1\u00bb show_end_date=\"off\" show_end_time=\"off\" show_venue=\"off\" show_name=\"off\" show_price=\"off\" show_price_ticket=\"off\" show_rsvp_feed=\"off\" show_category=\"off\" show_tag=\u201doff\u201d show_weburl=\u201doff\u201d excerpt_content=\u201d_show\u201d show_icon_label=\u201dnone\u201d event_count=\u201d3\u2033 excerpt_length=\u201d210\u2033 layout=\u201dlist\u201d list_layout=\u201dleftimage_rightdetail\u201d show_event_month_heading=\u201doff\u201d details_link_color=\u201d#1F73C0\u2033 color_icono_detalles=\u201d#1F73C0\u2033 relaci\u00f3n_de_aspecto_imagen=\u201d1\/1\u2033 etiqueta_admin=\u201dFeed de eventos de Nourish\u201d _builder_version=\u201d4.27.5\u2033 _module_preset=\u201ddefault\u201d nivel_t\u00edtulo=\u201dh3\u2033 color_texto_t\u00edtulo=\u201d#1F73C0\u2033 title_font_size=\u201d15px\u201d duration_font=\u201d|600|||||||\u201d duration_font_size=\u201d14px\u201d excerpt_font_size=\u201d14px\u201d excerpt_line_height=\u201d1.4em\u201d custom_view_more=\u201don\u201d tama\u00f1o_texto_ver_m\u00e1s=\u201d12px\u201d radios_borde_miniatura=\u201dactivado|200px|200px|200px|200px\u201d ancho_borde_miniatura=\u201d4px\u201d color_borde_miniatura=\u201d#FFFFFF\u201d box_shadow_style_image_box_shadow=\u201dpreset1\u2033 box_shadow_horizontal_image_box_shadow=\u201d5px\u201d box_shadow_vertical_image_box_shadow=\u201d5px\u201d box_shadow_blur_image_box_shadow=\u201d10px\u201d box_shadow_spread_image_box_shadow=\u201d2px\u201d box_shadow_color_image_box_shadow=\u201drgba(26,58,87,0.2)\u201d global_module=\u201d1817\u2033 global_colors_info=\u201d{}\u201d][\/decm_event_display][\/et_pb_column][\/et_pb_section]<\/p>\n","protected":false},"excerpt":{"rendered":"<p>\u00a1El \u00abWelcome Table Wednesday\u00bb (WTW) est\u00e1 abierto a todo el mundo! Te invitamos a que te unas a nosotros en St. Francis los mi\u00e9rcoles por la noche durante el curso escolar para compartir juntos una cena comunitaria gratuita y saludable. \u2026<\/p>\n","protected":false},"author":40,"featured_media":1363,"parent":55,"menu_order":50,"comment_status":"closed","ping_status":"closed","template":"","meta":{"_et_pb_use_builder":"on","_et_pb_old_content":"","_et_gb_content_width":"","footnotes":""},"categories":[11],"tags":[],"class_list":["post-61","page","type-page","status-publish","has-post-thumbnail","hentry","category-nourish"],"_links":{"self":[{"href":"https:\/\/stfrancismd.org\/wp-json\/wp\/v2\/pages\/61","targetHints":{"allow":["GET"]}}],"collection":[{"href":"https:\/\/stfrancismd.org\/wp-json\/wp\/v2\/pages"}],"about":[{"href":"https:\/\/stfrancismd.org\/wp-json\/wp\/v2\/types\/page"}],"author":[{"embeddable":true,"href":"https:\/\/stfrancismd.org\/wp-json\/wp\/v2\/users\/40"}],"replies":[{"embeddable":true,"href":"https:\/\/stfrancismd.org\/wp-json\/wp\/v2\/comments?post=61"}],"version-history":[{"count":4,"href":"https:\/\/stfrancismd.org\/wp-json\/wp\/v2\/pages\/61\/revisions"}],"predecessor-version":[{"id":2269,"href":"https:\/\/stfrancismd.org\/wp-json\/wp\/v2\/pages\/61\/revisions\/2269"}],"up":[{"embeddable":true,"href":"https:\/\/stfrancismd.org\/wp-json\/wp\/v2\/pages\/55"}],"wp:featuredmedia":[{"embeddable":true,"href":"https:\/\/stfrancismd.org\/wp-json\/wp\/v2\/media\/1363"}],"wp:attachment":[{"href":"https:\/\/stfrancismd.org\/wp-json\/wp\/v2\/media?parent=61"}],"wp:term":[{"taxonomy":"category","embeddable":true,"href":"https:\/\/stfrancismd.org\/wp-json\/wp\/v2\/categories?post=61"},{"taxonomy":"post_tag","embeddable":true,"href":"https:\/\/stfrancismd.org\/wp-json\/wp\/v2\/tags?post=61"}],"curies":[{"name":"wp","href":"https:\/\/api.w.org\/{rel}","templated":true}]}}